{"id":17651,"date":"2023-01-30T21:53:40","date_gmt":"2023-01-30T21:53:40","guid":{"rendered":"https:\/\/demo29.houzez.co\/?page_id=17651"},"modified":"2025-06-29T04:58:10","modified_gmt":"2025-06-29T04:58:10","slug":"trang-chu","status":"publish","type":"page","link":"https:\/\/chudautuduan.com\/","title":{"rendered":"TRANG CH\u1ee6"},"content":{"rendered":"\t\t<div data-elementor-type=\"wp-page\" data-elementor-id=\"17651\" class=\"elementor elementor-17651\" data-elementor-post-type=\"page\">\n\t\t\t\t<div class=\"elementor-element elementor-element-3fa7009 e-flex e-con-boxed e-con e-parent\" data-id=\"3fa7009\" data-element_type=\"container\" data-e-type=\"container\">\n\t\t\t\t\t<div class=\"e-con-inner\">\n\t\t\t\t<div class=\"elementor-element elementor-element-cb2f08b elementor-widget__width-inherit elementor-arrows-position-inside elementor-pagination-position-outside elementor-widget elementor-widget-image-carousel\" data-id=\"cb2f08b\" data-element_type=\"widget\" data-e-type=\"widget\" data-settings=\"{&quot;slides_to_show&quot;:&quot;1&quot;,&quot;navigation&quot;:&quot;both&quot;,&quot;autoplay&quot;:&quot;yes&quot;,&quot;pause_on_hover&quot;:&quot;yes&quot;,&quot;pause_on_interaction&quot;:&quot;yes&quot;,&quot;autoplay_speed&quot;:5000,&quot;infinite&quot;:&quot;yes&quot;,&quot;effect&quot;:&quot;slide&quot;,&quot;speed&quot;:500}\" data-widget_type=\"image-carousel.default\">\n\t\t\t\t<div class=\"elementor-widget-container\">\n\t\t\t\t\t\t\t<div class=\"elementor-image-carousel-wrapper swiper\" role=\"region\" aria-roledescription=\"carousel\" aria-label=\"B\u0103ng chuy\u1ec1n h\u00ecnh \u1ea3nh\" dir=\"ltr\">\n\t\t\t<div class=\"elementor-image-carousel swiper-wrapper swiper-image-stretch\" aria-live=\"off\">\n\t\t\t\t\t\t\t\t<div class=\"swiper-slide\" role=\"group\" aria-roledescription=\"slide\" aria-label=\"1 tr\u00ean 3\"><figure class=\"swiper-slide-inner\"><img decoding=\"async\" class=\"swiper-slide-image\" src=\"https:\/\/chudautuduan.com\/wp-content\/uploads\/2025\/06\/chu-dau-tu-du-an.jpg\" alt=\"chu-dau-tu-du-an\" \/><\/figure><\/div><div class=\"swiper-slide\" role=\"group\" aria-roledescription=\"slide\" aria-label=\"2 tr\u00ean 3\"><figure class=\"swiper-slide-inner\"><img decoding=\"async\" class=\"swiper-slide-image\" src=\"https:\/\/chudautuduan.com\/wp-content\/uploads\/2025\/06\/chu-dau-tu-du-an-8.jpg\" alt=\"chu-dau-tu-du-an-8\" \/><\/figure><\/div><div class=\"swiper-slide\" role=\"group\" aria-roledescription=\"slide\" aria-label=\"3 tr\u00ean 3\"><figure class=\"swiper-slide-inner\"><img decoding=\"async\" class=\"swiper-slide-image\" src=\"https:\/\/chudautuduan.com\/wp-content\/uploads\/2025\/06\/du-an-bat-dong-san.jpg\" alt=\"du-an-bat-dong-san\" \/><\/figure><\/div>\t\t\t<\/div>\n\t\t\t\t\t\t\t\t\t\t\t\t<div class=\"elementor-swiper-button elementor-swiper-button-prev\" role=\"button\" tabindex=\"0\">\n\t\t\t\t\t\t<svg aria-hidden=\"true\" class=\"e-font-icon-svg e-eicon-chevron-left\" viewBox=\"0 0 1000 1000\" xmlns=\"http:\/\/www.w3.org\/2000\/svg\"><path d=\"M646 125C629 125 613 133 604 142L308 442C296 454 292 471 292 487 292 504 296 521 308 533L604 854C617 867 629 875 646 875 663 875 679 871 692 858 704 846 713 829 713 812 713 796 708 779 692 767L438 487 692 225C700 217 708 204 708 187 708 171 704 154 692 142 675 129 663 125 646 125Z\"><\/path><\/svg>\t\t\t\t\t<\/div>\n\t\t\t\t\t<div class=\"elementor-swiper-button elementor-swiper-button-next\" role=\"button\" tabindex=\"0\">\n\t\t\t\t\t\t<svg aria-hidden=\"true\" class=\"e-font-icon-svg e-eicon-chevron-right\" viewBox=\"0 0 1000 1000\" xmlns=\"http:\/\/www.w3.org\/2000\/svg\"><path d=\"M696 533C708 521 713 504 713 487 713 471 708 454 696 446L400 146C388 133 375 125 354 125 338 125 325 129 313 142 300 154 292 171 292 187 292 204 296 221 308 233L563 492 304 771C292 783 288 800 288 817 288 833 296 850 308 863 321 871 338 875 354 875 371 875 388 867 400 854L696 533Z\"><\/path><\/svg>\t\t\t\t\t<\/div>\n\t\t\t\t\n\t\t\t\t\t\t\t\t\t<div class=\"swiper-pagination\"><\/div>\n\t\t\t\t\t\t\t\t\t<\/div>\n\t\t\t\t\t\t<\/div>\n\t\t\t\t<\/div>\n\t\t\t\t<div class=\"elementor-element elementor-element-0f3e804 elementor-widget__width-initial elementor-widget elementor-widget-houzez_elementor_section_title\" data-id=\"0f3e804\" data-element_type=\"widget\" data-e-type=\"widget\" data-widget_type=\"houzez_elementor_section_title.default\">\n\t\t\t\t<div class=\"elementor-widget-container\">\n\t\t\t\t\t            <div class=\"houzez_section_title_wrap section-title-module\">\n                                    <h2 class=\"houzez_section_title\">AN B\u00ccNH PH\u00c1T <\/h2>\n                \n                            <\/div>\n            \t\t\t\t<\/div>\n\t\t\t\t<\/div>\n\t\t<div class=\"elementor-element elementor-element-e7cf55e e-con-full e-flex e-con e-child\" data-id=\"e7cf55e\" data-element_type=\"container\" data-e-type=\"container\">\n\t\t\t\t<div class=\"elementor-element elementor-element-a38fb57 elementor-widget elementor-widget-houzez_elementor_section_title\" data-id=\"a38fb57\" data-element_type=\"widget\" data-e-type=\"widget\" data-widget_type=\"houzez_elementor_section_title.default\">\n\t\t\t\t<div class=\"elementor-widget-container\">\n\t\t\t\t\t            <div class=\"houzez_section_title_wrap section-title-module\">\n                                    <h2 class=\"houzez_section_title\">\u0110\u01a0N V\u1eca PH\u00c2N PH\u1ed0I B\u1ea4T \u0110\u1ed8NG S\u1ea2N  UY T\u00cdN - CHUY\u00caN NGHI\u1ec6P<\/h2>\n                \n                            <\/div>\n            \t\t\t\t<\/div>\n\t\t\t\t<\/div>\n\t\t\t\t<\/div>\n\t\t<div class=\"elementor-element elementor-element-b536e83 e-grid e-con-full e-con e-child\" data-id=\"b536e83\" data-element_type=\"container\" data-e-type=\"container\">\n\t\t\t\t<div class=\"elementor-element elementor-element-d46a37c elementor-widget elementor-widget-houzez_elementor_section_title\" data-id=\"d46a37c\" data-element_type=\"widget\" data-e-type=\"widget\" data-widget_type=\"houzez_elementor_section_title.default\">\n\t\t\t\t<div class=\"elementor-widget-container\">\n\t\t\t\t\t            <div class=\"houzez_section_title_wrap section-title-module\">\n                                    <h2 class=\"houzez_section_title\">\nC\u00f4ng ty C\u1ed5 ph\u1ea7n CP \u0110T & KD B\u0110S AN B\u00ccNH PH\u00c1T \u0111\u01b0\u1ee3c th\u00e0nh l\u1eadp t\u1eeb n\u0103m 2020 . Sau ch\u1eb7ng \u0111\u01b0\u1eddng h\u00ecnh th\u00e0nh & ph\u00e1t tri\u1ec3n, \u0111\u1ebfn nay An B\u00ecnh Ph\u00e1t  \u0111\u00e3 kh\u1eb3ng \u0111\u1ecbnh \u0111\u01b0\u1ee3c uy t\u00edn & n\u0103ng l\u1ef1c c\u1ea1nh tranh h\u00e0ng \u0111\u1ea7u trong ng\u00e0nh t\u01b0 v\u1ea5n, ph\u00e2n ph\u1ed1i B\u1ea5t \u0111\u1ed9ng s\u1ea3n t\u1ea1i Vi\u1ec7t Nam.\n\n\nV\u1edbi t\u00f4n ch\u1ec9 ho\u1ea1t \u0111\u1ed9ng: \u201cMang \u0111\u1ebfn s\u1ef1 B\u00ecnh An v\u00e0 Th\u1ecbnh V\u01b0\u1ee3ng \u201d, ch\u00fang t\u00f4i \u0111\u00e3 n\u1ed7 l\u1ef1c \u0111\u1ec3 tr\u1edf th\u00e0nh k\u00eanh t\u01b0 v\u1ea5n tin c\u1eady, mang \u0111\u1ebfn cho kh\u00e1ch h\u00e0ng nh\u1eefng d\u1ef1 \u00e1n, s\u1ea3n ph\u1ea9m \u0111\u1ea7u t\u01b0 ch\u1ea5t l\u01b0\u1ee3ng & ti\u1ec1m n\u0103ng sinh l\u1eddi cao nh\u1ea5t.\n\nV\u1edbi n\u0103ng l\u1ef1c t\u01b0 v\u1ea5n chuy\u00ean s\u00e2u, t\u00e1c phong l\u00e0m vi\u1ec7c t\u1eadn t\u00e2m, tinh th\u1ea7n nhi\u1ec7t huy\u1ebft, d\u1ea5n th\u00e2n v\u00ec s\u1ef1 h\u00e0i l\u00f2ng c\u1ee7a Kh\u00e1ch h\u00e0ng & s\u1ef1 c\u00e2n b\u1eb1ng quy\u1ec1n l\u1ee3i gi\u1eefa c\u00e1c b\u00ean, \u0111\u1ed9i ng\u0169 chuy\u00ean vi\u00ean c\u1ee7a An B\u00ecnh Ph\u00e1t \u0111\u01b0\u1ee3c v\u00ed nh\u01b0 nh\u1eefng Chi\u1ebfn binh to\u00e0n n\u0103ng, l\u00e0 c\u1ea7u n\u1ed1i uy t\u00edn gi\u1eefa Ch\u1ee7 \u0111\u1ea7u t\u01b0 & Kh\u00e1ch h\u00e0ng.\n\nAN B\u00ccNH PH\u00c1T xin ch\u00e2n th\u00e0nh c\u1ea3m \u01a1n Qu\u00fd ch\u1ee7 \u0111\u1ea7u t\u01b0, \u0111\u1ed1i t\u00e1c & \u0111\u1eb7c bi\u1ec7t l\u00e0 Qu\u00fd kh\u00e1ch h\u00e0ng \u0111\u00e3 lu\u00f4n \u0111\u1eb7t ni\u1ec1m tin d\u00e0nh cho ch\u00fang t\u00f4i. Ch\u00fang t\u00f4i cam k\u1ebft kh\u00f4ng ng\u1eebng n\u00e2ng cao nh\u1ea5t l\u01b0\u1ee3ng d\u1ecbch v\u1ee5, \u0111\u1ec3 lu\u00f4n x\u1ee9ng \u0111\u00e1ng l\u00e0 m\u1ed9t \u0111\u1ed1i t\u00e1c tin c\u1eady & l\u00e0 s\u1ef1 ch\u1ecdn l\u1ef1a h\u00e0ng \u0111\u1ea7u c\u1ee7a Qu\u00fd v\u1ecb.<\/h2>\n                \n                            <\/div>\n            \t\t\t\t<\/div>\n\t\t\t\t<\/div>\n\t\t\t\t<div class=\"elementor-element elementor-element-1a0b63b elementor-widget elementor-widget-Houzez_Banner_Image\" data-id=\"1a0b63b\" data-element_type=\"widget\" data-e-type=\"widget\" data-widget_type=\"Houzez_Banner_Image.default\">\n\t\t\t\t<div class=\"elementor-widget-container\">\n\t\t\t\t\t\n        <div class=\"banner-image-module d-flex justify-content-center align-items-center\">\n                        \n            <img decoding=\"async\" class=\"img-fluid\" src=\"https:\/\/chudautuduan.com\/wp-content\/uploads\/2025\/06\/landmark-81-584x438.jpg\" alt=\"\">\n                            <a class=\"banner-image-module-link w-100 h-100 top-0 bottom-0 start-0 end-0\"><\/a>\n                    <\/div>\n        \n   \t\t\t\t<\/div>\n\t\t\t\t<\/div>\n\t\t\t\t<\/div>\n\t\t<div class=\"elementor-element elementor-element-e675b8e e-grid e-con-full e-con e-child\" data-id=\"e675b8e\" data-element_type=\"container\" data-e-type=\"container\">\n\t\t\t\t<div class=\"elementor-element elementor-element-af15988 elementor--h-position-center elementor--v-position-middle elementor-arrows-position-inside elementor-pagination-position-inside elementor-widget elementor-widget-slides\" data-id=\"af15988\" data-element_type=\"widget\" data-e-type=\"widget\" data-settings=\"{&quot;navigation&quot;:&quot;both&quot;,&quot;autoplay&quot;:&quot;yes&quot;,&quot;pause_on_hover&quot;:&quot;yes&quot;,&quot;pause_on_interaction&quot;:&quot;yes&quot;,&quot;autoplay_speed&quot;:5000,&quot;infinite&quot;:&quot;yes&quot;,&quot;transition&quot;:&quot;slide&quot;,&quot;transition_speed&quot;:500}\" data-widget_type=\"slides.default\">\n\t\t\t\t<div class=\"elementor-widget-container\">\n\t\t\t\t\t\t\t\t\t<div class=\"elementor-swiper\">\n\t\t\t\t\t<div class=\"elementor-slides-wrapper elementor-main-swiper swiper\" role=\"region\" aria-roledescription=\"carousel\" aria-label=\"Slides\" dir=\"ltr\" data-animation=\"fadeInUp\">\n\t\t\t\t<div class=\"swiper-wrapper elementor-slides\">\n\t\t\t\t\t\t\t\t\t\t<div class=\"elementor-repeater-item-ae401c7 swiper-slide\" role=\"group\" aria-roledescription=\"slide\"><div class=\"swiper-slide-bg\" role=\"img\"><\/div><div class=\"swiper-slide-inner\" ><div class=\"swiper-slide-contents\"><div class=\"elementor-slide-heading\">Vinhome Green City <\/div><div class=\"elementor-slide-description\">Booking Ngay <\/div><div  class=\"elementor-button elementor-slide-button elementor-size-sm\">Nh\u1eadn Th\u00f4ng Tin v\u00e0 B\u00e1o Gi\u00e1 <\/div><\/div><\/div><\/div>\t\t\t\t<\/div>\n\t\t\t\t\t\t\t<\/div>\n\t\t\t\t<\/div>\n\t\t\t\t\t\t\t\t<\/div>\n\t\t\t\t<\/div>\n\t\t\t\t<\/div>\n\t\t\t\t\t<\/div>\n\t\t\t\t<\/div>\n\t\t<div class=\"elementor-element elementor-element-1a6b76b e-flex e-con-boxed e-con e-parent\" data-id=\"1a6b76b\" data-element_type=\"container\" data-e-type=\"container\">\n\t\t\t\t\t<div class=\"e-con-inner\">\n\t\t\t\t<div class=\"elementor-element elementor-element-8e2e506 elementor-button-align-stretch elementor-widget elementor-widget-houzez_elementor_contact_form\" data-id=\"8e2e506\" data-element_type=\"widget\" data-e-type=\"widget\" data-widget_type=\"houzez_elementor_contact_form.default\">\n\t\t\t\t<div class=\"elementor-widget-container\">\n\t\t\t\t\t\n        <script type=\"application\/javascript\">\n            jQuery(document).bind(\"ready\", function () {\n                houzezValidateElementor(\"#houzez-form-8e2e506\" );\n            });\n        <\/script>\n\n        <form class=\"elementor-form houzez-ele-form-js\" id=\"houzez-form-8e2e506\" method=\"post\" name=\"New Form\" action=\"https:\/\/chudautuduan.com\/wp-admin\/admin-ajax.php\">\n            <input type=\"hidden\" name=\"form_id\" value=\"8e2e506\"\/>\n            <input type=\"hidden\" name=\"houzez_contact_form\" value=\"yes\"\/>\n            <input type=\"hidden\" name=\"action\" value=\"houzez_ele_contact_form\" \/>\n            <input type=\"hidden\" name=\"source_link\" value=\"https:\/\/chudautuduan.com\/\" \/>\n            <input type=\"hidden\" name=\"lead_page_id\" value=\"17651\" \/>\n            <input type=\"hidden\" name=\"webhook\" value=\"false\" \/>\n            <input type=\"hidden\" name=\"webhook_url\" value=\"\" \/>\n            <input type=\"hidden\" name=\"redirect_to\" value=\"\" \/>\n            <input type=\"hidden\" name=\"google_recaptcha\" value=\"false\" \/>\n            \n\n            <div class=\"elementor-form-fields-wrapper elementor-labels-above\">\n\n                                    <div class=\"elementor-field-group elementor-column form-group elementor-field-group-name elementor-col-100 elementor-field-required\">\n                    <label for=\"form-field-name\" class=\"form-label elementor-field-label elementor-screen-only\">H\u1ecd V\u00e0 T\u00ean <\/label><input type=\"text\" name=\"name\" id=\"form-field-name\" class=\"elementor-field form-control elementor-size-sm elementor-field-textual\" placeholder=\"H\u1ecd V\u00e0 T\u00ean \" title=\"* H\u1ecd V\u00e0 T\u00ean \" required=\"required\">                    <\/div>\n\n                                        <div class=\"elementor-field-group elementor-column form-group elementor-field-group-b188e44 elementor-col-100 elementor-field-required\">\n                    <label for=\"form-field-b188e44\" class=\"form-label elementor-field-label elementor-screen-only\">S\u1ed1 \u0110i\u1ec7n Tho\u1ea1i <\/label><input type=\"text\" name=\"mobile\" id=\"form-field-b188e44\" class=\"elementor-field form-control elementor-size-sm elementor-field-textual\" placeholder=\"S\u0110T\" title=\"* S\u1ed1 \u0110i\u1ec7n Tho\u1ea1i \" required=\"required\">                    <\/div>\n\n                                        <div class=\"elementor-field-group elementor-column form-group elementor-field-group-email elementor-col-100\">\n                    <label for=\"form-field-email\" class=\"form-label elementor-field-label elementor-screen-only\">Email<\/label><input type=\"email\" name=\"email\" id=\"form-field-email\" class=\"elementor-field form-control elementor-size-sm elementor-field-textual\" placeholder=\"Email\" title=\"* Email\">                    <\/div>\n\n                                        <div class=\"elementor-field-group elementor-column form-group elementor-field-group-message elementor-col-100\">\n                    <label for=\"form-field-message\" class=\"form-label elementor-field-label elementor-screen-only\">Message<\/label><textarea class=\"elementor-field-textual elementor-field elementor-size-sm\" name=\"message\" id=\"form-field-message\" rows=\"4\" placeholder=\"Nhu C\u1ea7u \/L\u1eddi Nh\u1eafn \"><\/textarea>                    <\/div>\n\n                    \n                    \n                    \n                    <div class=\"elementor-field-group elementor-column elementor-field-type-submit elementor-col-100\">\n                    <button type=\"submit\" class=\"houzez-submit-button houzez-contact-form-js elementor-button elementor-size-sm\">\n                        <i class=\"houzez-loader-js houzez-hidden spinner-border spinner-border-sm\"><\/i>\n                                                    Submit                                            <\/button>\n                <\/div>\n            <\/div><!-- End wrapper-->\n            <br\/>\n            <div class=\"ele-form-messages\"><\/div>\n            <div class=\"error-container\"><\/div>\n\n        <\/form>\n\n    \t\t\t\t<\/div>\n\t\t\t\t<\/div>\n\t\t\t\t\t<\/div>\n\t\t\t\t<\/div>\n\t\t\t\t<\/div>\n\t\t","protected":false},"excerpt":{"rendered":"<p>AN B\u00ccNH PH\u00c1T \u0110\u01a0N V\u1eca PH\u00c2N PH\u1ed0I B\u1ea4T \u0110\u1ed8NG S\u1ea2N UY T\u00cdN &#8211; CHUY\u00caN NGHI\u1ec6P C\u00f4ng ty C\u1ed5 ph\u1ea7n CP \u0110T &#038; KD B\u0110S AN B\u00ccNH PH\u00c1T \u0111\u01b0\u1ee3c th\u00e0nh l\u1eadp t\u1eeb n\u0103m 2020 . Sau ch\u1eb7ng \u0111\u01b0\u1eddng h\u00ecnh th\u00e0nh &#038; ph\u00e1t tri\u1ec3n, \u0111\u1ebfn nay An B\u00ecnh Ph\u00e1t \u0111\u00e3 kh\u1eb3ng \u0111\u1ecbnh \u0111\u01b0\u1ee3c uy t\u00edn &#038; n\u0103ng [&hellip;]<\/p>\n","protected":false},"author":1,"featured_media":0,"parent":0,"menu_order":0,"comment_status":"closed","ping_status":"closed","template":"elementor_header_footer","meta":{"content-type":"","footnotes":""},"class_list":["post-17651","page","type-page","status-publish","hentry"],"_links":{"self":[{"href":"https:\/\/chudautuduan.com\/index.php\/wp-json\/wp\/v2\/pages\/17651","targetHints":{"allow":["GET"]}}],"collection":[{"href":"https:\/\/chudautuduan.com\/index.php\/wp-json\/wp\/v2\/pages"}],"about":[{"href":"https:\/\/chudautuduan.com\/index.php\/wp-json\/wp\/v2\/types\/page"}],"author":[{"embeddable":true,"href":"https:\/\/chudautuduan.com\/index.php\/wp-json\/wp\/v2\/users\/1"}],"replies":[{"embeddable":true,"href":"https:\/\/chudautuduan.com\/index.php\/wp-json\/wp\/v2\/comments?post=17651"}],"version-history":[{"count":66,"href":"https:\/\/chudautuduan.com\/index.php\/wp-json\/wp\/v2\/pages\/17651\/revisions"}],"predecessor-version":[{"id":19049,"href":"https:\/\/chudautuduan.com\/index.php\/wp-json\/wp\/v2\/pages\/17651\/revisions\/19049"}],"wp:attachment":[{"href":"https:\/\/chudautuduan.com\/index.php\/wp-json\/wp\/v2\/media?parent=17651"}],"curies":[{"name":"wp","href":"https:\/\/api.w.org\/{rel}","templated":true}]}}